{"id":1799,"date":"2025-01-14T10:21:20","date_gmt":"2025-01-14T08:21:20","guid":{"rendered":"https:\/\/comeincom.fr\/?page_id=1799"},"modified":"2025-01-14T10:21:21","modified_gmt":"2025-01-14T08:21:21","slug":"politique-des-cookies","status":"publish","type":"page","link":"https:\/\/comeincom.fr\/index.php\/politique-des-cookies\/","title":{"rendered":"Politique des cookies"},"content":{"rendered":"\n<p><strong>Derni\u00e8re mise \u00e0 jour :<\/strong> 14\/01\/2025<\/p>\n\n\n\n<p>Sur le site de <strong>Come In Com<\/strong>, nous utilisons des cookies pour am\u00e9liorer votre exp\u00e9rience, analyser notre trafic et fournir des contenus adapt\u00e9s \u00e0 vos int\u00e9r\u00eats. Cette politique de cookies explique leur utilisation et comment vous pouvez g\u00e9rer vos pr\u00e9f\u00e9rences.<\/p>\n\n\n\n<hr class=\"wp-block-separator has-alpha-channel-opacity\"\/>\n\n\n\n<p><strong>1. Qu\u2019est-ce qu\u2019un cookie ?<\/strong><br>Un cookie est un petit fichier texte stock\u00e9 sur votre appareil (ordinateur, smartphone, tablette) lorsque vous visitez un site internet. Il permet de m\u00e9moriser des informations sur votre navigation, comme vos pr\u00e9f\u00e9rences ou vos identifiants.<\/p>\n\n\n\n<hr class=\"wp-block-separator has-alpha-channel-opacity\"\/>\n\n\n\n<p><strong>2. Types de cookies que nous utilisons<\/strong><\/p>\n\n\n\n<ul class=\"wp-block-list\">\n<li><strong>Cookies n\u00e9cessaires<\/strong> :<br>Ces cookies sont essentiels au bon fonctionnement du site et permettent d&rsquo;acc\u00e9der \u00e0 ses fonctionnalit\u00e9s principales. Ils ne peuvent pas \u00eatre d\u00e9sactiv\u00e9s.<br><em>Exemple : m\u00e9morisation des sessions utilisateur.<\/em><\/li>\n\n\n\n<li><strong>Cookies fonctionnels<\/strong> :<br>Ils am\u00e9liorent la fonctionnalit\u00e9 et la personnalisation du site en m\u00e9morisant vos choix (langue, r\u00e9gion, etc.).<\/li>\n\n\n\n<li><strong>Cookies analytiques<\/strong> :<br>Ces cookies nous aident \u00e0 comprendre comment vous utilisez notre site (pages visit\u00e9es, dur\u00e9e de navigation, etc.) pour am\u00e9liorer votre exp\u00e9rience.<\/li>\n\n\n\n<li><strong>Cookies publicitaires<\/strong> :<br>Ils servent \u00e0 vous proposer des publicit\u00e9s pertinentes bas\u00e9es sur vos centres d\u2019int\u00e9r\u00eat.<\/li>\n<\/ul>\n\n\n\n<hr class=\"wp-block-separator has-alpha-channel-opacity\"\/>\n\n\n\n<p><strong>3. Cookies tiers<\/strong><br>Nous utilisons \u00e9galement des cookies de tiers pour :<\/p>\n\n\n\n<ul class=\"wp-block-list\">\n<li>Analyser le trafic et les performances (exemple : Google Analytics).<\/li>\n\n\n\n<li>Afficher des publicit\u00e9s personnalis\u00e9es via des plateformes externes.<br>Les donn\u00e9es collect\u00e9es par ces tiers sont soumises \u00e0 leurs politiques de confidentialit\u00e9 respectives.<\/li>\n<\/ul>\n\n\n\n<hr class=\"wp-block-separator has-alpha-channel-opacity\"\/>\n\n\n\n<p><strong>4. Gestion des cookies<\/strong><\/p>\n\n\n\n<p>Lors de votre premi\u00e8re visite sur notre site, une banni\u00e8re vous permet de :<\/p>\n\n\n\n<ul class=\"wp-block-list\">\n<li>Accepter tous les cookies.<\/li>\n\n\n\n<li>Personnaliser vos pr\u00e9f\u00e9rences.<\/li>\n\n\n\n<li>Refuser les cookies non n\u00e9cessaires.<\/li>\n<\/ul>\n\n\n\n<p>Vous pouvez \u00e9galement g\u00e9rer vos pr\u00e9f\u00e9rences directement dans les param\u00e8tres de votre navigateur :<\/p>\n\n\n\n<ul class=\"wp-block-list\">\n<li><strong>Google Chrome<\/strong> : <a>Param\u00e8tres des cookies<\/a><\/li>\n\n\n\n<li><strong>Mozilla Firefox<\/strong> : <a href=\"https:\/\/support.mozilla.org\/fr\/kb\/activer-desactiver-cookies\">Param\u00e8tres des cookies<\/a><\/li>\n\n\n\n<li><strong>Safari<\/strong> : <a href=\"https:\/\/support.apple.com\/fr-fr\/guide\/safari\/sfri11471\/mac\">Param\u00e8tres des cookies<\/a><\/li>\n\n\n\n<li><strong>Microsoft Edge<\/strong> : <a href=\"https:\/\/support.microsoft.com\/fr-fr\/microsoft-edge\/supprimer-les-cookies-dans-microsoft-edge-63947406-40ac-c3b8-57b9-2a946a29ae09\">Param\u00e8tres des cookies<\/a><\/li>\n<\/ul>\n\n\n\n<hr class=\"wp-block-separator has-alpha-channel-opacity\"\/>\n\n\n\n<p><strong>5. Dur\u00e9e de conservation des cookies<\/strong><br>Les cookies sont stock\u00e9s sur votre appareil pour une dur\u00e9e variable selon leur type :<\/p>\n\n\n\n<ul class=\"wp-block-list\">\n<li>Cookies de session : supprim\u00e9s \u00e0 la fermeture du navigateur.<\/li>\n\n\n\n<li>Cookies persistants : conserv\u00e9s jusqu\u2019\u00e0 leur expiration ou suppression manuelle.<\/li>\n<\/ul>\n\n\n\n<hr class=\"wp-block-separator has-alpha-channel-opacity\"\/>\n\n\n\n<p><strong>6. Mise \u00e0 jour de la politique de cookies<\/strong><br>Nous nous r\u00e9servons le droit de modifier cette politique \u00e0 tout moment. Les modifications seront publi\u00e9es sur cette page avec une date de mise \u00e0 jour.<\/p>\n\n\n\n<hr class=\"wp-block-separator has-alpha-channel-opacity\"\/>\n\n\n\n<p><strong>7. Contactez-nous<\/strong><br>Pour toute question concernant cette politique de cookies, vous pouvez nous \u00e9crire \u00e0 :<\/p>\n\n\n\n<ul class=\"wp-block-list\">\n<li><strong>Email :<\/strong> <a>contact@pierrickvaroquier.fr<\/a><\/li>\n<\/ul>\n\n\n\n<p>Nous nous engageons \u00e0 respecter vos droits et \u00e0 vous offrir une transparence totale sur l\u2019utilisation des cookies.<\/p>\n","protected":false},"excerpt":{"rendered":"<p>Derni\u00e8re mise \u00e0 jour : 14\/01\/2025 Sur le site de Come In Com, nous utilisons des cookies pour am\u00e9liorer votre exp\u00e9rience, analyser notre trafic et fournir des contenus adapt\u00e9s \u00e0 vos int\u00e9r\u00eats. Cette politique de cookies explique leur utilisation et comment vous pouvez g\u00e9rer vos pr\u00e9f\u00e9rences. 1. Qu\u2019est-ce qu\u2019un cookie ?Un cookie est un petit fichier texte stock\u00e9 sur votre appareil (ordinateur, smartphone, tablette) lorsque vous visitez un site internet. Il permet de m\u00e9moriser des informations sur votre navigation, comme vos pr\u00e9f\u00e9rences ou vos identifiants. 2. Types de cookies que nous utilisons 3. Cookies tiersNous utilisons \u00e9galement des cookies de tiers pour : 4. Gestion des cookies Lors de votre premi\u00e8re visite sur notre site, une banni\u00e8re vous permet de : Vous pouvez \u00e9galement g\u00e9rer vos pr\u00e9f\u00e9rences directement dans les param\u00e8tres de votre navigateur : 5. Dur\u00e9e de conservation des cookiesLes cookies sont stock\u00e9s sur votre appareil pour une dur\u00e9e variable selon leur type : 6. Mise \u00e0 jour de la politique de cookiesNous nous r\u00e9servons le droit de modifier cette politique \u00e0 tout moment. Les modifications seront publi\u00e9es sur cette page avec une date de mise \u00e0 jour. 7. Contactez-nousPour toute question concernant cette politique de cookies, vous pouvez nous \u00e9crire \u00e0 : Nous nous engageons \u00e0 respecter vos droits et \u00e0 vous offrir une transparence totale sur l\u2019utilisation des cookies.<\/p>\n","protected":false},"author":1,"featured_media":0,"parent":0,"menu_order":0,"comment_status":"closed","ping_status":"closed","template":"","meta":{"iawp_total_views":13,"footnotes":""},"class_list":["post-1799","page","type-page","status-publish","hentry"],"_links":{"self":[{"href":"https:\/\/comeincom.fr\/index.php\/wp-json\/wp\/v2\/pages\/1799","targetHints":{"allow":["GET"]}}],"collection":[{"href":"https:\/\/comeincom.fr\/index.php\/wp-json\/wp\/v2\/pages"}],"about":[{"href":"https:\/\/comeincom.fr\/index.php\/wp-json\/wp\/v2\/types\/page"}],"author":[{"embeddable":true,"href":"https:\/\/comeincom.fr\/index.php\/wp-json\/wp\/v2\/users\/1"}],"replies":[{"embeddable":true,"href":"https:\/\/comeincom.fr\/index.php\/wp-json\/wp\/v2\/comments?post=1799"}],"version-history":[{"count":1,"href":"https:\/\/comeincom.fr\/index.php\/wp-json\/wp\/v2\/pages\/1799\/revisions"}],"predecessor-version":[{"id":1801,"href":"https:\/\/comeincom.fr\/index.php\/wp-json\/wp\/v2\/pages\/1799\/revisions\/1801"}],"wp:attachment":[{"href":"https:\/\/comeincom.fr\/index.php\/wp-json\/wp\/v2\/media?parent=1799"}],"curies":[{"name":"wp","href":"https:\/\/api.w.org\/{rel}","templated":true}]}}