{"id":1766,"date":"2025-01-13T16:51:22","date_gmt":"2025-01-13T14:51:22","guid":{"rendered":"https:\/\/comeincom.fr\/?page_id=1766"},"modified":"2025-01-13T16:51:22","modified_gmt":"2025-01-13T14:51:22","slug":"mentions-legales","status":"publish","type":"page","link":"https:\/\/comeincom.fr\/index.php\/mentions-legales\/","title":{"rendered":"Mentions L\u00e9gales"},"content":{"rendered":"\n<p><strong>\u00c9diteur du site :<\/strong><br>Le site internet <strong>Come In Com<\/strong> (ci-apr\u00e8s \u00ab\u00a0le Site\u00a0\u00bb) est \u00e9dit\u00e9 par :<\/p>\n\n\n\n<ul class=\"wp-block-list\">\n<li><strong>Pierrick Varoquier<\/strong>, g\u00e9rant de l&rsquo;entreprise.<\/li>\n\n\n\n<li>Adresse email : <a>contact@pierrickvaroquier.fr<\/a>.<\/li>\n<\/ul>\n\n\n\n<p><strong>H\u00e9bergement du site :<\/strong><br>Le Site est h\u00e9berg\u00e9 par <strong>Hostinger<\/strong>, dont le si\u00e8ge social est situ\u00e9 en Lituanie :<\/p>\n\n\n\n<ul class=\"wp-block-list\">\n<li><strong>Adresse :<\/strong> Hostinger International Ltd., Jonavos g. 60C, 44192 Kaunas, Lituanie.<\/li>\n\n\n\n<li><strong>Site web :<\/strong> <a href=\"https:\/\/www.hostinger.fr\">https:\/\/www.hostinger.fr<\/a>.<\/li>\n<\/ul>\n\n\n\n<p><strong>Propri\u00e9t\u00e9 intellectuelle :<\/strong><br>Tous les contenus pr\u00e9sents sur le Site (textes, images, logos, vid\u00e9os, etc.) sont prot\u00e9g\u00e9s par le droit d&rsquo;auteur et demeurent la propri\u00e9t\u00e9 exclusive de Come In Com ou de leurs auteurs respectifs. Toute reproduction, distribution, modification ou utilisation, sans autorisation pr\u00e9alable, est strictement interdite.<\/p>\n\n\n\n<p><strong>Donn\u00e9es personnelles :<\/strong><br>Les informations collect\u00e9es via le Site sont destin\u00e9es exclusivement \u00e0 Come In Com pour r\u00e9pondre \u00e0 vos demandes. Elles ne seront ni vendues, ni partag\u00e9es \u00e0 des tiers sans votre consentement.<br>Conform\u00e9ment \u00e0 la loi \u00ab\u00a0Informatique et Libert\u00e9s\u00a0\u00bb et au R\u00e8glement G\u00e9n\u00e9ral sur la Protection des Donn\u00e9es (RGPD), vous disposez d\u2019un droit d\u2019acc\u00e8s, de rectification et de suppression de vos donn\u00e9es personnelles. Pour exercer ce droit, vous pouvez nous contacter \u00e0 <a>contact@pierrickvaroquier.fr<\/a>.<\/p>\n\n\n\n<p><strong>Responsabilit\u00e9 :<\/strong><br>Come In Com s\u2019efforce de fournir des informations \u00e0 jour et exactes sur le Site. Toutefois, nous ne garantissons pas l\u2019exhaustivit\u00e9 ou l\u2019exactitude des informations et d\u00e9clinons toute responsabilit\u00e9 en cas d&rsquo;erreur ou d&rsquo;omission.<\/p>\n\n\n\n<p><strong>Contact :<\/strong><br>Pour toute question ou demande d\u2019information concernant les mentions l\u00e9gales, veuillez contacter :<\/p>\n\n\n\n<ul class=\"wp-block-list\">\n<li><strong>Email :<\/strong> <a>contact@pierrickvaroquier.fr<\/a>.<\/li>\n<\/ul>\n\n\n\n<p><strong>Date de mise \u00e0 jour :<\/strong><br>Les pr\u00e9sentes mentions l\u00e9gales ont \u00e9t\u00e9 mises \u00e0 jour le 13\/01\/2025.<\/p>\n\n\n\n<p><\/p>\n","protected":false},"excerpt":{"rendered":"<p>\u00c9diteur du site :Le site internet Come In Com (ci-apr\u00e8s \u00ab\u00a0le Site\u00a0\u00bb) est \u00e9dit\u00e9 par : H\u00e9bergement du site :Le Site est h\u00e9berg\u00e9 par Hostinger, dont le si\u00e8ge social est situ\u00e9 en Lituanie : Propri\u00e9t\u00e9 intellectuelle :Tous les contenus pr\u00e9sents sur le Site (textes, images, logos, vid\u00e9os, etc.) sont prot\u00e9g\u00e9s par le droit d&rsquo;auteur et demeurent la propri\u00e9t\u00e9 exclusive de Come In Com ou de leurs auteurs respectifs. Toute reproduction, distribution, modification ou utilisation, sans autorisation pr\u00e9alable, est strictement interdite. Donn\u00e9es personnelles :Les informations collect\u00e9es via le Site sont destin\u00e9es exclusivement \u00e0 Come In Com pour r\u00e9pondre \u00e0 vos demandes. Elles ne seront ni vendues, ni partag\u00e9es \u00e0 des tiers sans votre consentement.Conform\u00e9ment \u00e0 la loi \u00ab\u00a0Informatique et Libert\u00e9s\u00a0\u00bb et au R\u00e8glement G\u00e9n\u00e9ral sur la Protection des Donn\u00e9es (RGPD), vous disposez d\u2019un droit d\u2019acc\u00e8s, de rectification et de suppression de vos donn\u00e9es personnelles. Pour exercer ce droit, vous pouvez nous contacter \u00e0 contact@pierrickvaroquier.fr. Responsabilit\u00e9 :Come In Com s\u2019efforce de fournir des informations \u00e0 jour et exactes sur le Site. Toutefois, nous ne garantissons pas l\u2019exhaustivit\u00e9 ou l\u2019exactitude des informations et d\u00e9clinons toute responsabilit\u00e9 en cas d&rsquo;erreur ou d&rsquo;omission. Contact :Pour toute question ou demande d\u2019information concernant les mentions l\u00e9gales, veuillez contacter : Date de mise \u00e0 jour :Les pr\u00e9sentes mentions l\u00e9gales ont \u00e9t\u00e9 mises \u00e0 jour le 13\/01\/2025.<\/p>\n","protected":false},"author":1,"featured_media":0,"parent":0,"menu_order":0,"comment_status":"closed","ping_status":"closed","template":"","meta":{"iawp_total_views":24,"footnotes":""},"class_list":["post-1766","page","type-page","status-publish","hentry"],"_links":{"self":[{"href":"https:\/\/comeincom.fr\/index.php\/wp-json\/wp\/v2\/pages\/1766","targetHints":{"allow":["GET"]}}],"collection":[{"href":"https:\/\/comeincom.fr\/index.php\/wp-json\/wp\/v2\/pages"}],"about":[{"href":"https:\/\/comeincom.fr\/index.php\/wp-json\/wp\/v2\/types\/page"}],"author":[{"embeddable":true,"href":"https:\/\/comeincom.fr\/index.php\/wp-json\/wp\/v2\/users\/1"}],"replies":[{"embeddable":true,"href":"https:\/\/comeincom.fr\/index.php\/wp-json\/wp\/v2\/comments?post=1766"}],"version-history":[{"count":1,"href":"https:\/\/comeincom.fr\/index.php\/wp-json\/wp\/v2\/pages\/1766\/revisions"}],"predecessor-version":[{"id":1767,"href":"https:\/\/comeincom.fr\/index.php\/wp-json\/wp\/v2\/pages\/1766\/revisions\/1767"}],"wp:attachment":[{"href":"https:\/\/comeincom.fr\/index.php\/wp-json\/wp\/v2\/media?parent=1766"}],"curies":[{"name":"wp","href":"https:\/\/api.w.org\/{rel}","templated":true}]}}